{"id":4143,"date":"2025-03-26T14:22:40","date_gmt":"2025-03-26T13:22:40","guid":{"rendered":"https:\/\/marvitsrl.iimage.net\/news\/"},"modified":"2025-07-25T10:53:43","modified_gmt":"2025-07-25T08:53:43","slug":"stiri","status":"publish","type":"page","link":"https:\/\/marvitsrl.net\/ro\/stiri\/","title":{"rendered":"\u0218tiri"},"content":{"rendered":"<p>R\u0103m\u00e2i la curent cu nout\u0103\u021bi despre produse, reglement\u0103ri, certific\u0103ri \u0219i t\u00e2rguri de specialitate.<br \/>\n\u00cen aceast\u0103 sec\u021biune, adun\u0103m toate \u0219tirile relevante din lumea Marvit Fasteners.<\/p>\n","protected":false},"excerpt":{"rendered":"<p>R\u0103m\u00e2i la curent cu nout\u0103\u021bi despre produse, reglement\u0103ri, certific\u0103ri \u0219i t\u00e2rguri de specialitate. \u00cen aceast\u0103 sec\u021biune, adun\u0103m toate \u0219tirile relevante din lumea Marvit Fasteners.<\/p>\n","protected":false},"author":3,"featured_media":0,"parent":0,"menu_order":5,"comment_status":"closed","ping_status":"closed","template":"page-news.php","meta":{"_acf_changed":false,"footnotes":""},"class_list":["post-4143","page","type-page","status-publish","hentry"],"acf":[],"yoast_head":"<!-- This site is optimized with the Yoast SEO plugin v27.4 - https:\/\/yoast.com\/product\/yoast-seo-wordpress\/ -->\n<title>\u0218tiri - Marvit Fasteners<\/title>\n<meta name=\"robots\" content=\"index, follow, max-snippet:-1, max-image-preview:large, max-video-preview:-1\" \/>\n<link rel=\"canonical\" href=\"https:\/\/marvitsrl.net\/ro\/stiri\/\" \/>\n<meta property=\"og:locale\" content=\"ro_RO\" \/>\n<meta property=\"og:type\" content=\"article\" \/>\n<meta property=\"og:title\" content=\"\u0218tiri - Marvit Fasteners\" \/>\n<meta property=\"og:description\" content=\"R\u0103m\u00e2i la curent cu nout\u0103\u021bi despre produse, reglement\u0103ri, certific\u0103ri \u0219i t\u00e2rguri de specialitate. \u00cen aceast\u0103 sec\u021biune, adun\u0103m toate \u0219tirile relevante din lumea Marvit Fasteners.\" \/>\n<meta property=\"og:url\" content=\"https:\/\/marvitsrl.net\/ro\/stiri\/\" \/>\n<meta property=\"og:site_name\" content=\"Marvit Fasteners\" \/>\n<meta property=\"article:modified_time\" content=\"2025-07-25T08:53:43+00:00\" \/>\n<meta property=\"og:image\" content=\"https:\/\/marvitsrl.net\/wp-content\/uploads\/2016\/07\/logo-marvit-menu.png\" \/>\n\t<meta property=\"og:image:width\" content=\"322\" \/>\n\t<meta property=\"og:image:height\" content=\"187\" \/>\n\t<meta property=\"og:image:type\" content=\"image\/png\" \/>\n<meta name=\"twitter:card\" content=\"summary_large_image\" \/>\n<meta name=\"twitter:label1\" content=\"Timp estimat pentru citire\" \/>\n\t<meta name=\"twitter:data1\" content=\"1 minut\" \/>\n<script type=\"application\/ld+json\" class=\"yoast-schema-graph\">{\"@context\":\"https:\\\/\\\/schema.org\",\"@graph\":[{\"@type\":\"WebPage\",\"@id\":\"https:\\\/\\\/marvitsrl.net\\\/ro\\\/stiri\\\/\",\"url\":\"https:\\\/\\\/marvitsrl.net\\\/ro\\\/stiri\\\/\",\"name\":\"\u0218tiri - Marvit Fasteners\",\"isPartOf\":{\"@id\":\"https:\\\/\\\/marvitsrl.net\\\/ro\\\/#website\"},\"datePublished\":\"2025-03-26T13:22:40+00:00\",\"dateModified\":\"2025-07-25T08:53:43+00:00\",\"inLanguage\":\"ro-RO\",\"potentialAction\":[{\"@type\":\"ReadAction\",\"target\":[\"https:\\\/\\\/marvitsrl.net\\\/ro\\\/stiri\\\/\"]}]},{\"@type\":\"WebSite\",\"@id\":\"https:\\\/\\\/marvitsrl.net\\\/ro\\\/#website\",\"url\":\"https:\\\/\\\/marvitsrl.net\\\/ro\\\/\",\"name\":\"Marvit Fasteners\",\"description\":\"Viteria ad alta resistenza Vicenza\",\"publisher\":{\"@id\":\"https:\\\/\\\/marvitsrl.net\\\/ro\\\/#organization\"},\"potentialAction\":[{\"@type\":\"SearchAction\",\"target\":{\"@type\":\"EntryPoint\",\"urlTemplate\":\"https:\\\/\\\/marvitsrl.net\\\/ro\\\/?s={search_term_string}\"},\"query-input\":{\"@type\":\"PropertyValueSpecification\",\"valueRequired\":true,\"valueName\":\"search_term_string\"}}],\"inLanguage\":\"ro-RO\"},{\"@type\":\"Organization\",\"@id\":\"https:\\\/\\\/marvitsrl.net\\\/ro\\\/#organization\",\"name\":\"Marvit Fasteners\",\"url\":\"https:\\\/\\\/marvitsrl.net\\\/ro\\\/\",\"logo\":{\"@type\":\"ImageObject\",\"inLanguage\":\"ro-RO\",\"@id\":\"https:\\\/\\\/marvitsrl.net\\\/ro\\\/#\\\/schema\\\/logo\\\/image\\\/\",\"url\":\"https:\\\/\\\/marvitsrl.net\\\/wp-content\\\/uploads\\\/2016\\\/07\\\/logo-marvit-menu.png\",\"contentUrl\":\"https:\\\/\\\/marvitsrl.net\\\/wp-content\\\/uploads\\\/2016\\\/07\\\/logo-marvit-menu.png\",\"width\":322,\"height\":187,\"caption\":\"Marvit Fasteners\"},\"image\":{\"@id\":\"https:\\\/\\\/marvitsrl.net\\\/ro\\\/#\\\/schema\\\/logo\\\/image\\\/\"},\"sameAs\":[\"https:\\\/\\\/www.linkedin.com\\\/company\\\/marvit-srl\\\/\"]}]}<\/script>\n<!-- \/ Yoast SEO plugin. -->","yoast_head_json":{"title":"\u0218tiri - Marvit Fasteners","robots":{"index":"index","follow":"follow","max-snippet":"max-snippet:-1","max-image-preview":"max-image-preview:large","max-video-preview":"max-video-preview:-1"},"canonical":"https:\/\/marvitsrl.net\/ro\/stiri\/","og_locale":"ro_RO","og_type":"article","og_title":"\u0218tiri - Marvit Fasteners","og_description":"R\u0103m\u00e2i la curent cu nout\u0103\u021bi despre produse, reglement\u0103ri, certific\u0103ri \u0219i t\u00e2rguri de specialitate. \u00cen aceast\u0103 sec\u021biune, adun\u0103m toate \u0219tirile relevante din lumea Marvit Fasteners.","og_url":"https:\/\/marvitsrl.net\/ro\/stiri\/","og_site_name":"Marvit Fasteners","article_modified_time":"2025-07-25T08:53:43+00:00","og_image":[{"width":322,"height":187,"url":"https:\/\/marvitsrl.net\/wp-content\/uploads\/2016\/07\/logo-marvit-menu.png","type":"image\/png"}],"twitter_card":"summary_large_image","twitter_misc":{"Timp estimat pentru citire":"1 minut"},"schema":{"@context":"https:\/\/schema.org","@graph":[{"@type":"WebPage","@id":"https:\/\/marvitsrl.net\/ro\/stiri\/","url":"https:\/\/marvitsrl.net\/ro\/stiri\/","name":"\u0218tiri - Marvit Fasteners","isPartOf":{"@id":"https:\/\/marvitsrl.net\/ro\/#website"},"datePublished":"2025-03-26T13:22:40+00:00","dateModified":"2025-07-25T08:53:43+00:00","inLanguage":"ro-RO","potentialAction":[{"@type":"ReadAction","target":["https:\/\/marvitsrl.net\/ro\/stiri\/"]}]},{"@type":"WebSite","@id":"https:\/\/marvitsrl.net\/ro\/#website","url":"https:\/\/marvitsrl.net\/ro\/","name":"Marvit Fasteners","description":"Viteria ad alta resistenza Vicenza","publisher":{"@id":"https:\/\/marvitsrl.net\/ro\/#organization"},"potentialAction":[{"@type":"SearchAction","target":{"@type":"EntryPoint","urlTemplate":"https:\/\/marvitsrl.net\/ro\/?s={search_term_string}"},"query-input":{"@type":"PropertyValueSpecification","valueRequired":true,"valueName":"search_term_string"}}],"inLanguage":"ro-RO"},{"@type":"Organization","@id":"https:\/\/marvitsrl.net\/ro\/#organization","name":"Marvit Fasteners","url":"https:\/\/marvitsrl.net\/ro\/","logo":{"@type":"ImageObject","inLanguage":"ro-RO","@id":"https:\/\/marvitsrl.net\/ro\/#\/schema\/logo\/image\/","url":"https:\/\/marvitsrl.net\/wp-content\/uploads\/2016\/07\/logo-marvit-menu.png","contentUrl":"https:\/\/marvitsrl.net\/wp-content\/uploads\/2016\/07\/logo-marvit-menu.png","width":322,"height":187,"caption":"Marvit Fasteners"},"image":{"@id":"https:\/\/marvitsrl.net\/ro\/#\/schema\/logo\/image\/"},"sameAs":["https:\/\/www.linkedin.com\/company\/marvit-srl\/"]}]}},"_links":{"self":[{"href":"https:\/\/marvitsrl.net\/ro\/wp-json\/wp\/v2\/pages\/4143","targetHints":{"allow":["GET"]}}],"collection":[{"href":"https:\/\/marvitsrl.net\/ro\/wp-json\/wp\/v2\/pages"}],"about":[{"href":"https:\/\/marvitsrl.net\/ro\/wp-json\/wp\/v2\/types\/page"}],"author":[{"embeddable":true,"href":"https:\/\/marvitsrl.net\/ro\/wp-json\/wp\/v2\/users\/3"}],"replies":[{"embeddable":true,"href":"https:\/\/marvitsrl.net\/ro\/wp-json\/wp\/v2\/comments?post=4143"}],"version-history":[{"count":1,"href":"https:\/\/marvitsrl.net\/ro\/wp-json\/wp\/v2\/pages\/4143\/revisions"}],"predecessor-version":[{"id":4145,"href":"https:\/\/marvitsrl.net\/ro\/wp-json\/wp\/v2\/pages\/4143\/revisions\/4145"}],"wp:attachment":[{"href":"https:\/\/marvitsrl.net\/ro\/wp-json\/wp\/v2\/media?parent=4143"}],"curies":[{"name":"wp","href":"https:\/\/api.w.org\/{rel}","templated":true}]}}